{"id":543,"date":"2018-11-27T09:17:42","date_gmt":"2018-11-27T09:17:42","guid":{"rendered":"https:\/\/mrsmartin.nl\/index.php\/projects\/"},"modified":"2024-06-18T12:20:28","modified_gmt":"2024-06-18T10:20:28","slug":"frans-polynesie","status":"publish","type":"page","link":"https:\/\/mrsmartin.nl\/en\/inspiratie\/frans-polynesie\/","title":{"rendered":"French Polynesia"},"content":{"rendered":"<div data-elementor-type=\"wp-post\" data-elementor-id=\"543\" class=\"elementor elementor-543\">\n\t\t\t\t\t\t<section class=\"elementor-section elementor-top-section elementor-element elementor-element-7ac9ca5 elementor-section-boxed elementor-section-height-default elementor-section-height-default\" data-id=\"7ac9ca5\" data-element_type=\"section\" data-e-type=\"section\" data-settings=\"{&quot;background_background&quot;:&quot;classic&quot;}\">\n\t\t\t\t\t\t\t<div class=\"elementor-background-overlay\"><\/div>\n\t\t\t\t\t\t\t<div class=\"elementor-container elementor-column-gap-default\">\n\t\t\t\t\t<div class=\"elementor-column elementor-col-100 elementor-top-column elementor-element elementor-element-90988fe\" data-id=\"90988fe\" data-element_type=\"column\" data-e-type=\"column\">\n\t\t\t<div class=\"elementor-widget-wrap elementor-element-populated\">\n\t\t\t\t\t\t<div class=\"elementor-element elementor-element-4a1c612 elementor-widget elementor-widget-heading\" data-id=\"4a1c612\" data-element_type=\"widget\" data-e-type=\"widget\" data-widget_type=\"heading.default\">\n\t\t\t\t<div class=\"elementor-widget-container\">\n\t\t\t\t\t<h1 class=\"elementor-heading-title elementor-size-default\">French Polynesia<\/h1>\t\t\t\t<\/div>\n\t\t\t\t<\/div>\n\t\t\t\t\t<\/div>\n\t\t<\/div>\n\t\t\t\t\t<\/div>\n\t\t<\/section>\n\t\t\t\t<section class=\"elementor-section elementor-top-section elementor-element elementor-element-8262e30 elementor-section-content-middle elementor-section-boxed elementor-section-height-default elementor-section-height-default\" data-id=\"8262e30\" data-element_type=\"section\" data-e-type=\"section\">\n\t\t\t\t\t\t\t<div class=\"elementor-background-overlay\"><\/div>\n\t\t\t\t\t\t\t<div class=\"elementor-container elementor-column-gap-no\">\n\t\t\t\t\t<div class=\"elementor-column elementor-col-100 elementor-top-column elementor-element elementor-element-da6ae65\" data-id=\"da6ae65\" data-element_type=\"column\" data-e-type=\"column\">\n\t\t\t<div class=\"elementor-widget-wrap elementor-element-populated\">\n\t\t\t\t\t\t<div class=\"elementor-element elementor-element-ac8fe83 elementor-widget elementor-widget-spacer\" data-id=\"ac8fe83\" data-element_type=\"widget\" data-e-type=\"widget\" data-widget_type=\"spacer.default\">\n\t\t\t\t<div class=\"elementor-widget-container\">\n\t\t\t\t\t\t\t<div class=\"elementor-spacer\">\n\t\t\t<div class=\"elementor-spacer-inner\"><\/div>\n\t\t<\/div>\n\t\t\t\t\t\t<\/div>\n\t\t\t\t<\/div>\n\t\t\t\t<div class=\"elementor-element elementor-element-9551936 elementor-widget-divider--view-line_text elementor-widget-divider--element-align-left elementor-widget elementor-widget-divider\" data-id=\"9551936\" data-element_type=\"widget\" data-e-type=\"widget\" data-widget_type=\"divider.default\">\n\t\t\t\t<div class=\"elementor-widget-container\">\n\t\t\t\t\t\t\t<div class=\"elementor-divider\">\n\t\t\t<span class=\"elementor-divider-separator\">\n\t\t\t\t\t\t\t<h6 class=\"elementor-divider__text elementor-divider__element\">\n\t\t\t\tOceania\t\t\t\t<\/h6>\n\t\t\t\t\t\t<\/span>\n\t\t<\/div>\n\t\t\t\t\t\t<\/div>\n\t\t\t\t<\/div>\n\t\t\t\t<div class=\"elementor-element elementor-element-99fc9d9 elementor-widget elementor-widget-heading\" data-id=\"99fc9d9\" data-element_type=\"widget\" data-e-type=\"widget\" data-widget_type=\"heading.default\">\n\t\t\t\t<div class=\"elementor-widget-container\">\n\t\t\t\t\t<h3 class=\"elementor-heading-title elementor-size-default\">Paradise on earth<\/h3>\t\t\t\t<\/div>\n\t\t\t\t<\/div>\n\t\t\t\t<div class=\"elementor-element elementor-element-5fd300d elementor-widget elementor-widget-text-editor\" data-id=\"5fd300d\" data-element_type=\"widget\" data-e-type=\"widget\" data-widget_type=\"text-editor.default\">\n\t\t\t\t<div class=\"elementor-widget-container\">\n\t\t\t\t\t\t\t\t\t<p>French Polynesia is truly a paradise on earth. A trip to Bora Bora or Tahiti? It is on the list of most honeymooners. But it is also a beautiful place for those seeking peace and quiet.<\/p><p>De ongerepte koraalriffen en lagunes die de betoverende uitzichten rond Frans-Polynesi\u00eb vormen, zijn vrijwel onveranderd gebleven sinds 18e-eeuwse zeilers deze prachtige eilandjes ontdekten. Tahiti en Moorea zijn verbluffend mooi. Toch is Bora Bora de beroemdste en meest fotogenieke van de Benedenwindse eilanden van Frans-Polynesi\u00eb. De voorouderlijke naam betekent \u201cgemaakt door de goden\u201d. Het is een van de meest schilderachtige eilanden ter wereld. Op Tahiti vindt u vele kokospalmen, kleurrijke dorpjes, grillige groene toppen die afdalen naar kilometers lange, fijne, witte zandstranden en kristalhelder, turkoois water zover het oog reikt. Geen wonder dat hier enkele van de meest verbluffende hotels ter wereld zijn gevestigd. Sommige hiervan worden beheerd door \u2018s werelds meest exclusieve hotelmerken.<\/p><p>Tahiti, het grootste eiland van Frans-Polynesi\u00eb is echt prachtig. U vindt hier een ongerepte jungle, watervallen, varens en orchidee\u00ebn, canyons, rivieren, stranden, lagunes, tempels en tiki-beelden. Maar vooral een charmante en vriendelijke bevolking vindt u hier ook. De oorspronkelijke Tahitiaanse cultuur is gewoon nog aanwezig op het eiland.<\/p><p>But Bora Bora is also a place where you can completely relax and not get enough of the beautiful skyline, the turquoise lagoon and the dazzling white sandy beaches. Truly a \u201cmust see\u201d.<\/p>\t\t\t\t\t\t\t\t<\/div>\n\t\t\t\t<\/div>\n\t\t\t\t<div class=\"elementor-element elementor-element-6fecb3a elementor-arrows-position-outside elementor-pagination-position-outside elementor-widget elementor-widget-image-carousel\" data-id=\"6fecb3a\" data-element_type=\"widget\" data-e-type=\"widget\" data-settings=\"{&quot;slides_to_show&quot;:&quot;2&quot;,&quot;slides_to_scroll&quot;:&quot;1&quot;,&quot;autoplay_speed&quot;:4000,&quot;slides_to_show_tablet&quot;:&quot;2&quot;,&quot;slides_to_show_mobile&quot;:&quot;1&quot;,&quot;navigation&quot;:&quot;both&quot;,&quot;autoplay&quot;:&quot;yes&quot;,&quot;pause_on_hover&quot;:&quot;yes&quot;,&quot;pause_on_interaction&quot;:&quot;yes&quot;,&quot;infinite&quot;:&quot;yes&quot;,&quot;speed&quot;:500,&quot;image_spacing_custom&quot;:{&quot;unit&quot;:&quot;px&quot;,&quot;size&quot;:20,&quot;sizes&quot;:[]},&quot;image_spacing_custom_tablet&quot;:{&quot;unit&quot;:&quot;px&quot;,&quot;size&quot;:&quot;&quot;,&quot;sizes&quot;:[]}}\" data-widget_type=\"image-carousel.default\">\n\t\t\t\t<div class=\"elementor-widget-container\">\n\t\t\t\t\t\t\t<div class=\"elementor-image-carousel-wrapper swiper\" role=\"region\" aria-roledescription=\"carousel\" aria-label=\"Carrousel afbeelding\" dir=\"ltr\">\n\t\t\t<div class=\"elementor-image-carousel swiper-wrapper swiper-image-stretch\" aria-live=\"off\">\n\t\t\t\t\t\t\t\t<div class=\"swiper-slide\" role=\"group\" aria-roledescription=\"slide\" aria-label=\"1 van 6\"><figure class=\"swiper-slide-inner\"><img decoding=\"async\" class=\"swiper-slide-image lazyload\" data-src=\"https:\/\/mrsmartin.nl\/wp-content\/uploads\/elementor\/thumbs\/mrsmartin-fp3-scaled-qdyn6t8d5rvavdozpkelrfi49w1ah2x6yky457xvrs.jpg\" alt=\"Papeete,,French,Polynesia,-,October,12,,2016:,Polynesian,Women,Perform\" src=\"data:image\/svg+xml;base64,PHN2ZyB3aWR0aD0iMSIgaGVpZ2h0PSIxIiB4bWxucz0iaHR0cDovL3d3dy53My5vcmcvMjAwMC9zdmciPjwvc3ZnPg==\" style=\"--smush-placeholder-width: 500px; --smush-placeholder-aspect-ratio: 500\/540;\" \/><\/figure><\/div><div class=\"swiper-slide\" role=\"group\" aria-roledescription=\"slide\" aria-label=\"2 van 6\"><figure class=\"swiper-slide-inner\"><img decoding=\"async\" class=\"swiper-slide-image lazyload\" data-src=\"https:\/\/mrsmartin.nl\/wp-content\/uploads\/elementor\/thumbs\/mrsmartin-fp2-scaled-qdyn6qeul9rfwjt3616q1y7qhqf6tzlzy6znpe22ag.jpg\" alt=\"Luxe reizen\" src=\"data:image\/svg+xml;base64,PHN2ZyB3aWR0aD0iMSIgaGVpZ2h0PSIxIiB4bWxucz0iaHR0cDovL3d3dy53My5vcmcvMjAwMC9zdmciPjwvc3ZnPg==\" style=\"--smush-placeholder-width: 500px; --smush-placeholder-aspect-ratio: 500\/540;\" \/><\/figure><\/div><div class=\"swiper-slide\" role=\"group\" aria-roledescription=\"slide\" aria-label=\"3 van 6\"><figure class=\"swiper-slide-inner\"><img decoding=\"async\" class=\"swiper-slide-image lazyload\" data-src=\"https:\/\/mrsmartin.nl\/wp-content\/uploads\/elementor\/thumbs\/mrsmartin-fp4-qdd5r3fzf5x5hk8uggtjy71ccc63uqaqgzbvb23hnc.jpg\" alt=\"Tahiti,Luxury,Resort,Hotel,In,Bora,Bora,,french,Polynesia.,Paddleboard\" src=\"data:image\/svg+xml;base64,PHN2ZyB3aWR0aD0iMSIgaGVpZ2h0PSIxIiB4bWxucz0iaHR0cDovL3d3dy53My5vcmcvMjAwMC9zdmciPjwvc3ZnPg==\" style=\"--smush-placeholder-width: 500px; --smush-placeholder-aspect-ratio: 500\/540;\" \/><\/figure><\/div><div class=\"swiper-slide\" role=\"group\" aria-roledescription=\"slide\" aria-label=\"4 van 6\"><figure class=\"swiper-slide-inner\"><img decoding=\"async\" class=\"swiper-slide-image lazyload\" data-src=\"https:\/\/mrsmartin.nl\/wp-content\/uploads\/elementor\/thumbs\/Mrsmartin-fp1-scaled-qdyn6lpnn3l0ahzwxh5l7hefit2cri3c9jq8b0915k.jpg\" alt=\"Young,Lady,Stand,Alone,,,Look,Towards,To,The,Otemanu\" src=\"data:image\/svg+xml;base64,PHN2ZyB3aWR0aD0iMSIgaGVpZ2h0PSIxIiB4bWxucz0iaHR0cDovL3d3dy53My5vcmcvMjAwMC9zdmciPjwvc3ZnPg==\" style=\"--smush-placeholder-width: 500px; --smush-placeholder-aspect-ratio: 500\/540;\" \/><\/figure><\/div><div class=\"swiper-slide\" role=\"group\" aria-roledescription=\"slide\" aria-label=\"5 van 6\"><figure class=\"swiper-slide-inner\"><img decoding=\"async\" class=\"swiper-slide-image lazyload\" data-src=\"https:\/\/mrsmartin.nl\/wp-content\/uploads\/elementor\/thumbs\/Mrsmartin-FP--qdd5p24km34sbz7ccl4njpje0a7h6c7o6wfzvh474o.jpg\" alt=\"View,Of,The,Mont,Otemanu,Mountain,Reflecting,In,Water,At\" src=\"data:image\/svg+xml;base64,PHN2ZyB3aWR0aD0iMSIgaGVpZ2h0PSIxIiB4bWxucz0iaHR0cDovL3d3dy53My5vcmcvMjAwMC9zdmciPjwvc3ZnPg==\" style=\"--smush-placeholder-width: 500px; --smush-placeholder-aspect-ratio: 500\/540;\" \/><\/figure><\/div><div class=\"swiper-slide\" role=\"group\" aria-roledescription=\"slide\" aria-label=\"6 van 6\"><figure class=\"swiper-slide-inner\"><img decoding=\"async\" class=\"swiper-slide-image lazyload\" data-src=\"https:\/\/mrsmartin.nl\/wp-content\/uploads\/elementor\/thumbs\/mrs-martin-fp5-scaled-qdykn35c8sazx8xgbf27y2rtfa4ucds5cl5d85xwyg.jpg\" alt=\"Tahiti,Bungalow!\" src=\"data:image\/svg+xml;base64,PHN2ZyB3aWR0aD0iMSIgaGVpZ2h0PSIxIiB4bWxucz0iaHR0cDovL3d3dy53My5vcmcvMjAwMC9zdmciPjwvc3ZnPg==\" style=\"--smush-placeholder-width: 500px; --smush-placeholder-aspect-ratio: 500\/540;\" \/><\/figure><\/div>\t\t\t<\/div>\n\t\t\t\t\t\t\t\t\t\t\t\t<div class=\"elementor-swiper-button elementor-swiper-button-prev\" role=\"button\" tabindex=\"0\">\n\t\t\t\t\t\t<i aria-hidden=\"true\" class=\"fas fa-caret-left\"><\/i>\t\t\t\t\t<\/div>\n\t\t\t\t\t<div class=\"elementor-swiper-button elementor-swiper-button-next\" role=\"button\" tabindex=\"0\">\n\t\t\t\t\t\t<i aria-hidden=\"true\" class=\"fas fa-caret-right\"><\/i>\t\t\t\t\t<\/div>\n\t\t\t\t\n\t\t\t\t\t\t\t\t\t<div class=\"swiper-pagination\"><\/div>\n\t\t\t\t\t\t\t\t\t<\/div>\n\t\t\t\t\t\t<\/div>\n\t\t\t\t<\/div>\n\t\t\t\t<div class=\"elementor-element elementor-element-50b1871 elementor-widget elementor-widget-spacer\" data-id=\"50b1871\" data-element_type=\"widget\" data-e-type=\"widget\" data-widget_type=\"spacer.default\">\n\t\t\t\t<div class=\"elementor-widget-container\">\n\t\t\t\t\t\t\t<div class=\"elementor-spacer\">\n\t\t\t<div class=\"elementor-spacer-inner\"><\/div>\n\t\t<\/div>\n\t\t\t\t\t\t<\/div>\n\t\t\t\t<\/div>\n\t\t\t\t\t<\/div>\n\t\t<\/div>\n\t\t\t\t\t<\/div>\n\t\t<\/section>\n\t\t\t\t<\/div>","protected":false},"excerpt":{"rendered":"<p>Frans-Polynesi\u00eb Oceani\u00eb Paradijs op aarde Frans-Polynesi\u00eb is echt een paradijs op aarde. Een reis naar Bora Bora of Tahiti? Het staat op de lijst van de meeste honeymooners. Maar ook voor rustzoekers is het een prachtige plek. De ongerepte koraalriffen en lagunes die de betoverende uitzichten rond Frans-Polynesi\u00eb vormen, zijn vrijwel onveranderd gebleven sinds 18e-eeuwse [&hellip;]<\/p>\n","protected":false},"author":1,"featured_media":0,"parent":542,"menu_order":0,"comment_status":"closed","ping_status":"closed","template":"","meta":{"_monsterinsights_skip_tracking":false,"_monsterinsights_sitenote_active":false,"_monsterinsights_sitenote_note":"","_monsterinsights_sitenote_category":0,"site-sidebar-layout":"no-sidebar","site-content-layout":"page-builder","ast-site-content-layout":"full-width-container","site-content-style":"unboxed","site-sidebar-style":"unboxed","ast-global-header-display":"","ast-banner-title-visibility":"","ast-main-header-display":"","ast-hfb-above-header-display":"","ast-hfb-below-header-display":"","ast-hfb-mobile-header-display":"","site-post-title":"disabled","ast-breadcrumbs-content":"","ast-featured-img":"disabled","footer-sml-layout":"","ast-disable-related-posts":"","theme-transparent-header-meta":"enabled","adv-header-id-meta":"","stick-header-meta":"","header-above-stick-meta":"","header-main-stick-meta":"","header-below-stick-meta":"","astra-migrate-meta-layouts":"set","ast-page-background-enabled":"default","ast-page-background-meta":{"desktop":{"background-color":"","background-image":"","background-repeat":"repeat","background-position":"center center","background-size":"auto","background-attachment":"scroll","background-type":"","background-media":"","overlay-type":"","overlay-color":"","overlay-opacity":"","overlay-gradient":""},"tablet":{"background-color":"","background-image":"","background-repeat":"repeat","background-position":"center center","background-size":"auto","background-attachment":"scroll","background-type":"","background-media":"","overlay-type":"","overlay-color":"","overlay-opacity":"","overlay-gradient":""},"mobile":{"background-color":"","background-image":"","background-repeat":"repeat","background-position":"center center","background-size":"auto","background-attachment":"scroll","background-type":"","background-media":"","overlay-type":"","overlay-color":"","overlay-opacity":"","overlay-gradient":""}},"ast-content-background-meta":{"desktop":{"background-color":"var(--ast-global-color-5)","background-image":"","background-repeat":"repeat","background-position":"center center","background-size":"auto","background-attachment":"scroll","background-type":"","background-media":"","overlay-type":"","overlay-color":"","overlay-opacity":"","overlay-gradient":""},"tablet":{"background-color":"var(--ast-global-color-5)","background-image":"","background-repeat":"repeat","background-position":"center center","background-size":"auto","background-attachment":"scroll","background-type":"","background-media":"","overlay-type":"","overlay-color":"","overlay-opacity":"","overlay-gradient":""},"mobile":{"background-color":"var(--ast-global-color-5)","background-image":"","background-repeat":"repeat","background-position":"center center","background-size":"auto","background-attachment":"scroll","background-type":"","background-media":"","overlay-type":"","overlay-color":"","overlay-opacity":"","overlay-gradient":""}},"_glsr_average":0,"_glsr_ranking":0,"_glsr_reviews":0,"footnotes":""},"class_list":["post-543","page","type-page","status-publish","hentry"],"yoast_head":"<!-- This site is optimized with the Yoast SEO plugin v27.5 - https:\/\/yoast.com\/product\/yoast-seo-wordpress\/ -->\n<title>Frans-Polynesi\u00eb - Mrs Martin Luxury Travel<\/title>\n<meta name=\"description\" content=\"Frans-Polynesi\u00eb is echt een paradijs op aarde. Een reis naar Bora Bora of Tahiti? Het staat op de lijst van de meeste honeymooners.\" \/>\n<meta name=\"robots\" content=\"index, follow, max-snippet:-1, max-image-preview:large, max-video-preview:-1\" \/>\n<link rel=\"canonical\" href=\"https:\/\/mrsmartin.nl\/en\/inspiratie\/frans-polynesie\/\" \/>\n<meta property=\"og:locale\" content=\"en_US\" \/>\n<meta property=\"og:type\" content=\"article\" \/>\n<meta property=\"og:title\" content=\"Frans-Polynesi\u00eb - Mrs Martin Luxury Travel\" \/>\n<meta property=\"og:description\" content=\"Frans-Polynesi\u00eb is echt een paradijs op aarde. Een reis naar Bora Bora of Tahiti? Het staat op de lijst van de meeste honeymooners.\" \/>\n<meta property=\"og:url\" content=\"https:\/\/mrsmartin.nl\/en\/inspiratie\/frans-polynesie\/\" \/>\n<meta property=\"og:site_name\" content=\"Mrs Martin Luxury Travel\" \/>\n<meta property=\"article:publisher\" content=\"https:\/\/www.facebook.com\/sandhya.martinrameswar\" \/>\n<meta property=\"article:modified_time\" content=\"2024-06-18T10:20:28+00:00\" \/>\n<meta property=\"og:image\" content=\"https:\/\/mrsmartin.nl\/wp-content\/uploads\/elementor\/thumbs\/mrsmartin-fp3-scaled-qdyn6t8d5rvavdozpkelrfi49w1ah2x6yky457xvrs.jpg\" \/>\n<meta name=\"twitter:card\" content=\"summary_large_image\" \/>\n<meta name=\"twitter:label1\" content=\"Est. reading time\" \/>\n\t<meta name=\"twitter:data1\" content=\"3 minutes\" \/>\n<script type=\"application\/ld+json\" class=\"yoast-schema-graph\">{\"@context\":\"https:\\\/\\\/schema.org\",\"@graph\":[{\"@type\":\"WebPage\",\"@id\":\"https:\\\/\\\/mrsmartin.nl\\\/inspiratie\\\/frans-polynesie\\\/\",\"url\":\"https:\\\/\\\/mrsmartin.nl\\\/inspiratie\\\/frans-polynesie\\\/\",\"name\":\"Frans-Polynesi\u00eb - Mrs Martin Luxury Travel\",\"isPartOf\":{\"@id\":\"https:\\\/\\\/mrsmartin.nl\\\/#website\"},\"primaryImageOfPage\":{\"@id\":\"https:\\\/\\\/mrsmartin.nl\\\/inspiratie\\\/frans-polynesie\\\/#primaryimage\"},\"image\":{\"@id\":\"https:\\\/\\\/mrsmartin.nl\\\/inspiratie\\\/frans-polynesie\\\/#primaryimage\"},\"thumbnailUrl\":\"https:\\\/\\\/mrsmartin.nl\\\/wp-content\\\/uploads\\\/elementor\\\/thumbs\\\/mrsmartin-fp3-scaled-qdyn6t8d5rvavdozpkelrfi49w1ah2x6yky457xvrs.jpg\",\"datePublished\":\"2018-11-27T09:17:42+00:00\",\"dateModified\":\"2024-06-18T10:20:28+00:00\",\"description\":\"Frans-Polynesi\u00eb is echt een paradijs op aarde. Een reis naar Bora Bora of Tahiti? Het staat op de lijst van de meeste honeymooners.\",\"breadcrumb\":{\"@id\":\"https:\\\/\\\/mrsmartin.nl\\\/inspiratie\\\/frans-polynesie\\\/#breadcrumb\"},\"inLanguage\":\"en-US\",\"potentialAction\":[{\"@type\":\"ReadAction\",\"target\":[\"https:\\\/\\\/mrsmartin.nl\\\/inspiratie\\\/frans-polynesie\\\/\"]}]},{\"@type\":\"ImageObject\",\"inLanguage\":\"en-US\",\"@id\":\"https:\\\/\\\/mrsmartin.nl\\\/inspiratie\\\/frans-polynesie\\\/#primaryimage\",\"url\":\"https:\\\/\\\/mrsmartin.nl\\\/wp-content\\\/uploads\\\/elementor\\\/thumbs\\\/mrsmartin-fp3-scaled-qdyn6t8d5rvavdozpkelrfi49w1ah2x6yky457xvrs.jpg\",\"contentUrl\":\"https:\\\/\\\/mrsmartin.nl\\\/wp-content\\\/uploads\\\/elementor\\\/thumbs\\\/mrsmartin-fp3-scaled-qdyn6t8d5rvavdozpkelrfi49w1ah2x6yky457xvrs.jpg\"},{\"@type\":\"BreadcrumbList\",\"@id\":\"https:\\\/\\\/mrsmartin.nl\\\/inspiratie\\\/frans-polynesie\\\/#breadcrumb\",\"itemListElement\":[{\"@type\":\"ListItem\",\"position\":1,\"name\":\"Home\",\"item\":\"https:\\\/\\\/mrsmartin.nl\\\/\"},{\"@type\":\"ListItem\",\"position\":2,\"name\":\"Inspiratie\",\"item\":\"https:\\\/\\\/mrsmartin.nl\\\/inspiratie\\\/\"},{\"@type\":\"ListItem\",\"position\":3,\"name\":\"Frans-Polynesi\u00eb\"}]},{\"@type\":\"WebSite\",\"@id\":\"https:\\\/\\\/mrsmartin.nl\\\/#website\",\"url\":\"https:\\\/\\\/mrsmartin.nl\\\/\",\"name\":\"Mrs Martin Luxury Travel\",\"description\":\"Uw Reizen tot in Perfectie Geregeld\",\"publisher\":{\"@id\":\"https:\\\/\\\/mrsmartin.nl\\\/#organization\"},\"potentialAction\":[{\"@type\":\"SearchAction\",\"target\":{\"@type\":\"EntryPoint\",\"urlTemplate\":\"https:\\\/\\\/mrsmartin.nl\\\/?s={search_term_string}\"},\"query-input\":{\"@type\":\"PropertyValueSpecification\",\"valueRequired\":true,\"valueName\":\"search_term_string\"}}],\"inLanguage\":\"en-US\"},{\"@type\":\"Organization\",\"@id\":\"https:\\\/\\\/mrsmartin.nl\\\/#organization\",\"name\":\"Mrs Martin\",\"alternateName\":\"Mrs Martin Luxury Travel\",\"url\":\"https:\\\/\\\/mrsmartin.nl\\\/\",\"logo\":{\"@type\":\"ImageObject\",\"inLanguage\":\"en-US\",\"@id\":\"https:\\\/\\\/mrsmartin.nl\\\/#\\\/schema\\\/logo\\\/image\\\/\",\"url\":\"https:\\\/\\\/mrsmartin.nl\\\/wp-content\\\/uploads\\\/2025\\\/06\\\/mrs-martine-logo-blauwXL.png\",\"contentUrl\":\"https:\\\/\\\/mrsmartin.nl\\\/wp-content\\\/uploads\\\/2025\\\/06\\\/mrs-martine-logo-blauwXL.png\",\"width\":1000,\"height\":556,\"caption\":\"Mrs Martin\"},\"image\":{\"@id\":\"https:\\\/\\\/mrsmartin.nl\\\/#\\\/schema\\\/logo\\\/image\\\/\"},\"sameAs\":[\"https:\\\/\\\/www.facebook.com\\\/sandhya.martinrameswar\",\"https:\\\/\\\/www.linkedin.com\\\/in\\\/mrsmartinluxurytravel\\\/\",\"https:\\\/\\\/www.instagram.com\\\/mrsmartin_luxurytravel\\\/\"]}]}<\/script>\n<!-- \/ Yoast SEO plugin. -->","yoast_head_json":{"title":"Frans-Polynesi\u00eb - Mrs Martin Luxury Travel","description":"Frans-Polynesi\u00eb is echt een paradijs op aarde. Een reis naar Bora Bora of Tahiti? Het staat op de lijst van de meeste honeymooners.","robots":{"index":"index","follow":"follow","max-snippet":"max-snippet:-1","max-image-preview":"max-image-preview:large","max-video-preview":"max-video-preview:-1"},"canonical":"https:\/\/mrsmartin.nl\/en\/inspiratie\/frans-polynesie\/","og_locale":"en_US","og_type":"article","og_title":"Frans-Polynesi\u00eb - Mrs Martin Luxury Travel","og_description":"Frans-Polynesi\u00eb is echt een paradijs op aarde. Een reis naar Bora Bora of Tahiti? Het staat op de lijst van de meeste honeymooners.","og_url":"https:\/\/mrsmartin.nl\/en\/inspiratie\/frans-polynesie\/","og_site_name":"Mrs Martin Luxury Travel","article_publisher":"https:\/\/www.facebook.com\/sandhya.martinrameswar","article_modified_time":"2024-06-18T10:20:28+00:00","og_image":[{"url":"https:\/\/mrsmartin.nl\/wp-content\/uploads\/elementor\/thumbs\/mrsmartin-fp3-scaled-qdyn6t8d5rvavdozpkelrfi49w1ah2x6yky457xvrs.jpg","type":"","width":"","height":""}],"twitter_card":"summary_large_image","twitter_misc":{"Est. reading time":"3 minutes"},"schema":{"@context":"https:\/\/schema.org","@graph":[{"@type":"WebPage","@id":"https:\/\/mrsmartin.nl\/inspiratie\/frans-polynesie\/","url":"https:\/\/mrsmartin.nl\/inspiratie\/frans-polynesie\/","name":"Frans-Polynesi\u00eb - Mrs Martin Luxury Travel","isPartOf":{"@id":"https:\/\/mrsmartin.nl\/#website"},"primaryImageOfPage":{"@id":"https:\/\/mrsmartin.nl\/inspiratie\/frans-polynesie\/#primaryimage"},"image":{"@id":"https:\/\/mrsmartin.nl\/inspiratie\/frans-polynesie\/#primaryimage"},"thumbnailUrl":"https:\/\/mrsmartin.nl\/wp-content\/uploads\/elementor\/thumbs\/mrsmartin-fp3-scaled-qdyn6t8d5rvavdozpkelrfi49w1ah2x6yky457xvrs.jpg","datePublished":"2018-11-27T09:17:42+00:00","dateModified":"2024-06-18T10:20:28+00:00","description":"Frans-Polynesi\u00eb is echt een paradijs op aarde. Een reis naar Bora Bora of Tahiti? Het staat op de lijst van de meeste honeymooners.","breadcrumb":{"@id":"https:\/\/mrsmartin.nl\/inspiratie\/frans-polynesie\/#breadcrumb"},"inLanguage":"en-US","potentialAction":[{"@type":"ReadAction","target":["https:\/\/mrsmartin.nl\/inspiratie\/frans-polynesie\/"]}]},{"@type":"ImageObject","inLanguage":"en-US","@id":"https:\/\/mrsmartin.nl\/inspiratie\/frans-polynesie\/#primaryimage","url":"https:\/\/mrsmartin.nl\/wp-content\/uploads\/elementor\/thumbs\/mrsmartin-fp3-scaled-qdyn6t8d5rvavdozpkelrfi49w1ah2x6yky457xvrs.jpg","contentUrl":"https:\/\/mrsmartin.nl\/wp-content\/uploads\/elementor\/thumbs\/mrsmartin-fp3-scaled-qdyn6t8d5rvavdozpkelrfi49w1ah2x6yky457xvrs.jpg"},{"@type":"BreadcrumbList","@id":"https:\/\/mrsmartin.nl\/inspiratie\/frans-polynesie\/#breadcrumb","itemListElement":[{"@type":"ListItem","position":1,"name":"Home","item":"https:\/\/mrsmartin.nl\/"},{"@type":"ListItem","position":2,"name":"Inspiratie","item":"https:\/\/mrsmartin.nl\/inspiratie\/"},{"@type":"ListItem","position":3,"name":"Frans-Polynesi\u00eb"}]},{"@type":"WebSite","@id":"https:\/\/mrsmartin.nl\/#website","url":"https:\/\/mrsmartin.nl\/","name":"Mrs Martin Luxury Travel","description":"Uw Reizen tot in Perfectie Geregeld","publisher":{"@id":"https:\/\/mrsmartin.nl\/#organization"},"potentialAction":[{"@type":"SearchAction","target":{"@type":"EntryPoint","urlTemplate":"https:\/\/mrsmartin.nl\/?s={search_term_string}"},"query-input":{"@type":"PropertyValueSpecification","valueRequired":true,"valueName":"search_term_string"}}],"inLanguage":"en-US"},{"@type":"Organization","@id":"https:\/\/mrsmartin.nl\/#organization","name":"Mrs Martin","alternateName":"Mrs Martin Luxury Travel","url":"https:\/\/mrsmartin.nl\/","logo":{"@type":"ImageObject","inLanguage":"en-US","@id":"https:\/\/mrsmartin.nl\/#\/schema\/logo\/image\/","url":"https:\/\/mrsmartin.nl\/wp-content\/uploads\/2025\/06\/mrs-martine-logo-blauwXL.png","contentUrl":"https:\/\/mrsmartin.nl\/wp-content\/uploads\/2025\/06\/mrs-martine-logo-blauwXL.png","width":1000,"height":556,"caption":"Mrs Martin"},"image":{"@id":"https:\/\/mrsmartin.nl\/#\/schema\/logo\/image\/"},"sameAs":["https:\/\/www.facebook.com\/sandhya.martinrameswar","https:\/\/www.linkedin.com\/in\/mrsmartinluxurytravel\/","https:\/\/www.instagram.com\/mrsmartin_luxurytravel\/"]}]}},"_links":{"self":[{"href":"https:\/\/mrsmartin.nl\/en\/wp-json\/wp\/v2\/pages\/543","targetHints":{"allow":["GET"]}}],"collection":[{"href":"https:\/\/mrsmartin.nl\/en\/wp-json\/wp\/v2\/pages"}],"about":[{"href":"https:\/\/mrsmartin.nl\/en\/wp-json\/wp\/v2\/types\/page"}],"author":[{"embeddable":true,"href":"https:\/\/mrsmartin.nl\/en\/wp-json\/wp\/v2\/users\/1"}],"replies":[{"embeddable":true,"href":"https:\/\/mrsmartin.nl\/en\/wp-json\/wp\/v2\/comments?post=543"}],"version-history":[{"count":44,"href":"https:\/\/mrsmartin.nl\/en\/wp-json\/wp\/v2\/pages\/543\/revisions"}],"predecessor-version":[{"id":2425,"href":"https:\/\/mrsmartin.nl\/en\/wp-json\/wp\/v2\/pages\/543\/revisions\/2425"}],"up":[{"embeddable":true,"href":"https:\/\/mrsmartin.nl\/en\/wp-json\/wp\/v2\/pages\/542"}],"wp:attachment":[{"href":"https:\/\/mrsmartin.nl\/en\/wp-json\/wp\/v2\/media?parent=543"}],"curies":[{"name":"wp","href":"https:\/\/api.w.org\/{rel}","templated":true}]}}